{"id":371,"date":"2024-02-29T15:42:55","date_gmt":"2024-02-29T14:42:55","guid":{"rendered":"https:\/\/abderelbadaoui.com\/?page_id=371"},"modified":"2024-03-06T11:36:08","modified_gmt":"2024-03-06T10:36:08","slug":"politique-de-confidentialite","status":"publish","type":"page","link":"https:\/\/abderelbadaoui.com\/index.php\/politique-de-confidentialite\/","title":{"rendered":"Politique de confidentialit\u00e9"},"content":{"rendered":"<p>[et_pb_section fb_built=\u00a0\u00bb1&Prime; custom_padding_last_edited=\u00a0\u00bbon|phone\u00a0\u00bb admin_label=\u00a0\u00bbHero\u00a0\u00bb _builder_version=\u00a0\u00bb4.24.2&Prime; _module_preset=\u00a0\u00bbdefault\u00a0\u00bb custom_margin=\u00a0\u00bb|||\u00a0\u00bb custom_padding=\u00a0\u00bb180px||0px|\u00a0\u00bb custom_padding_tablet=\u00a0\u00bb180px||0px|\u00a0\u00bb custom_padding_phone=\u00a0\u00bb0px||40px||false|false\u00a0\u00bb bottom_divider_style=\u00a0\u00bbslant\u00a0\u00bb bottom_divider_color=\u00a0\u00bb#ffffff\u00a0\u00bb bottom_divider_flip=\u00a0\u00bbhorizontal\u00a0\u00bb animation_style=\u00a0\u00bbslide\u00a0\u00bb animation_direction=\u00a0\u00bbtop\u00a0\u00bb animation_intensity_slide=\u00a0\u00bb5%\u00a0\u00bb animation_starting_opacity=\u00a0\u00bb100%\u00a0\u00bb global_colors_info=\u00a0\u00bb{}\u00a0\u00bb use_background_color_gradient=\u00a0\u00bbon\u00a0\u00bb background_last_edited=\u00a0\u00bbon|phone\u00a0\u00bb background_color_gradient_stops=\u00a0\u00bbrgba(0,0,0,0.5) 0%|rgba(0,0,0,0) 100%\u00a0\u00bb background_color_gradient_overlays_image=\u00a0\u00bbon\u00a0\u00bb background_color_gradient_start=\u00a0\u00bbrgba(0,0,0,0.5)\u00a0\u00bb background_color_gradient_end=\u00a0\u00bbrgba(0,0,0,0)\u00a0\u00bb background_image=\u00a0\u00bbhttps:\/\/abderelbadaoui.com\/wp-content\/uploads\/2024\/02\/AnyConv.com__IMG-20190629-WA0026.webp\u00a0\u00bb][et_pb_row column_structure=\u00a0\u00bb3_4,1_4&Prime; _builder_version=\u00a0\u00bb4.16&Prime; _module_preset=\u00a0\u00bbdefault\u00a0\u00bb background_size=\u00a0\u00bbinitial\u00a0\u00bb background_position=\u00a0\u00bbtop_left\u00a0\u00bb background_repeat=\u00a0\u00bbrepeat\u00a0\u00bb custom_padding=\u00a0\u00bb27px|0px|0px|0px\u00a0\u00bb global_colors_info=\u00a0\u00bb{}\u00a0\u00bb][et_pb_column type=\u00a0\u00bb3_4&Prime; _builder_version=\u00a0\u00bb4.16&Prime; _module_preset=\u00a0\u00bbdefault\u00a0\u00bb custom_padding=\u00a0\u00bb|||\u00a0\u00bb global_colors_info=\u00a0\u00bb{}\u00a0\u00bb custom_padding__hover=\u00a0\u00bb|||\u00a0\u00bb][et_pb_text admin_label=\u00a0\u00bbTitle\u00a0\u00bb _builder_version=\u00a0\u00bb4.24.2&Prime; _module_preset=\u00a0\u00bbdefault\u00a0\u00bb text_font=\u00a0\u00bb||||||||\u00a0\u00bb header_font=\u00a0\u00bbMontserrat|600|||||||\u00a0\u00bb header_font_size=\u00a0\u00bb64px\u00a0\u00bb header_line_height=\u00a0\u00bb1.2em\u00a0\u00bb background_layout=\u00a0\u00bbdark\u00a0\u00bb animation_style=\u00a0\u00bbzoom\u00a0\u00bb animation_direction=\u00a0\u00bbleft\u00a0\u00bb animation_intensity_zoom=\u00a0\u00bb10%\u00a0\u00bb header_font_size_tablet=\u00a0\u00bb\u00a0\u00bb header_font_size_phone=\u00a0\u00bb26px\u00a0\u00bb header_font_size_last_edited=\u00a0\u00bbon|phone\u00a0\u00bb global_colors_info=\u00a0\u00bb{}\u00a0\u00bb hover_enabled=\u00a0\u00bb0&Prime; sticky_enabled=\u00a0\u00bb0&Prime;]<\/p>\n<h1 class=\"p1\"><span class=\"s1\">Abderrazzak El Badaoui | Conf\u00e9rencier et Ultra Marathonien<\/span><\/h1>\n<p>[\/et_pb_text][et_pb_divider color=\u00a0\u00bb#c1282c\u00a0\u00bb divider_weight=\u00a0\u00bb3px\u00a0\u00bb _builder_version=\u00a0\u00bb4.24.2&Prime; _module_preset=\u00a0\u00bbdefault\u00a0\u00bb width_tablet=\u00a0\u00bb\u00a0\u00bb width_phone=\u00a0\u00bb20%\u00a0\u00bb width_last_edited=\u00a0\u00bbon|phone\u00a0\u00bb max_width=\u00a0\u00bb120px\u00a0\u00bb custom_margin=\u00a0\u00bb-15px||||false|false\u00a0\u00bb custom_margin_tablet=\u00a0\u00bb-15px||||false|false\u00a0\u00bb custom_margin_phone=\u00a0\u00bb-34px||||false|false\u00a0\u00bb custom_margin_last_edited=\u00a0\u00bbon|phone\u00a0\u00bb animation_style=\u00a0\u00bbzoom\u00a0\u00bb animation_direction=\u00a0\u00bbleft\u00a0\u00bb global_colors_info=\u00a0\u00bb{}\u00a0\u00bb][\/et_pb_divider][et_pb_button button_url=\u00a0\u00bb#apropos\u00a0\u00bb button_text=\u00a0\u00bbEn savoir plus\u00a0\u00bb _builder_version=\u00a0\u00bb4.24.2&Prime; _module_preset=\u00a0\u00bbdefault\u00a0\u00bb custom_button=\u00a0\u00bbon\u00a0\u00bb button_bg_color=\u00a0\u00bb#c1282c\u00a0\u00bb button_border_width=\u00a0\u00bb0px\u00a0\u00bb button_border_radius=\u00a0\u00bb0px\u00a0\u00bb button_font=\u00a0\u00bbMontserrat|500||on|||||\u00a0\u00bb button_icon=\u00a0\u00bb&#x39;||divi||400&Prime; button_on_hover=\u00a0\u00bboff\u00a0\u00bb background_layout=\u00a0\u00bbdark\u00a0\u00bb custom_margin=\u00a0\u00bb100px|||\u00a0\u00bb custom_margin_tablet=\u00a0\u00bb100px|||\u00a0\u00bb custom_margin_phone=\u00a0\u00bb-14px||||false|false\u00a0\u00bb custom_margin_last_edited=\u00a0\u00bbon|phone\u00a0\u00bb custom_padding=\u00a0\u00bb12px|49px|12px|30px|false|false\u00a0\u00bb custom_padding_tablet=\u00a0\u00bb12px|49px|12px|30px|false|false\u00a0\u00bb custom_padding_phone=\u00a0\u00bb7px|22px|7px|15px|false|false\u00a0\u00bb custom_padding_last_edited=\u00a0\u00bbon|phone\u00a0\u00bb animation_style=\u00a0\u00bbzoom\u00a0\u00bb animation_direction=\u00a0\u00bbleft\u00a0\u00bb animation_delay=\u00a0\u00bb200ms\u00a0\u00bb animation_intensity_zoom=\u00a0\u00bb10%\u00a0\u00bb button_text_size_tablet=\u00a0\u00bb\u00a0\u00bb button_text_size_phone=\u00a0\u00bb11px\u00a0\u00bb button_text_size_last_edited=\u00a0\u00bbon|phone\u00a0\u00bb global_colors_info=\u00a0\u00bb{}\u00a0\u00bb button_text_size__hover_enabled=\u00a0\u00bboff\u00a0\u00bb button_one_text_size__hover_enabled=\u00a0\u00bboff\u00a0\u00bb button_two_text_size__hover_enabled=\u00a0\u00bboff\u00a0\u00bb button_text_color__hover_enabled=\u00a0\u00bboff\u00a0\u00bb button_one_text_color__hover_enabled=\u00a0\u00bboff\u00a0\u00bb button_two_text_color__hover_enabled=\u00a0\u00bboff\u00a0\u00bb button_border_width__hover_enabled=\u00a0\u00bboff\u00a0\u00bb button_one_border_width__hover_enabled=\u00a0\u00bboff\u00a0\u00bb button_two_border_width__hover_enabled=\u00a0\u00bboff\u00a0\u00bb button_border_color__hover_enabled=\u00a0\u00bboff\u00a0\u00bb button_one_border_color__hover_enabled=\u00a0\u00bboff\u00a0\u00bb button_two_border_color__hover_enabled=\u00a0\u00bboff\u00a0\u00bb button_border_radius__hover_enabled=\u00a0\u00bboff\u00a0\u00bb button_one_border_radius__hover_enabled=\u00a0\u00bboff\u00a0\u00bb button_two_border_radius__hover_enabled=\u00a0\u00bboff\u00a0\u00bb button_letter_spacing__hover_enabled=\u00a0\u00bboff\u00a0\u00bb button_one_letter_spacing__hover_enabled=\u00a0\u00bboff\u00a0\u00bb button_two_letter_spacing__hover_enabled=\u00a0\u00bboff\u00a0\u00bb button_bg_color__hover_enabled=\u00a0\u00bboff\u00a0\u00bb button_one_bg_color__hover_enabled=\u00a0\u00bboff\u00a0\u00bb button_two_bg_color__hover_enabled=\u00a0\u00bboff\u00a0\u00bb][\/et_pb_button][\/et_pb_column][et_pb_column type=\u00a0\u00bb1_4&Prime; _builder_version=\u00a0\u00bb4.16&Prime; _module_preset=\u00a0\u00bbdefault\u00a0\u00bb custom_padding=\u00a0\u00bb|||\u00a0\u00bb global_colors_info=\u00a0\u00bb{}\u00a0\u00bb custom_padding__hover=\u00a0\u00bb|||\u00a0\u00bb][\/et_pb_column][\/et_pb_row][\/et_pb_section][et_pb_section fb_built=\u00a0\u00bb1&Prime; custom_padding_last_edited=\u00a0\u00bbon|phone\u00a0\u00bb admin_label=\u00a0\u00bbContact Form\u00a0\u00bb _builder_version=\u00a0\u00bb4.24.2&Prime; custom_padding=\u00a0\u00bb54px||90px|\u00a0\u00bb custom_padding_tablet=\u00a0\u00bb54px||90px|\u00a0\u00bb custom_padding_phone=\u00a0\u00bb0px||0px||false|false\u00a0\u00bb global_colors_info=\u00a0\u00bb{}\u00a0\u00bb][et_pb_row _builder_version=\u00a0\u00bb4.24.2&Prime; _module_preset=\u00a0\u00bbdefault\u00a0\u00bb global_colors_info=\u00a0\u00bb{}\u00a0\u00bb][et_pb_column type=\u00a0\u00bb4_4&Prime; _builder_version=\u00a0\u00bb4.24.2&Prime; _module_preset=\u00a0\u00bbdefault\u00a0\u00bb global_colors_info=\u00a0\u00bb{}\u00a0\u00bb][et_pb_text module_id=\u00a0\u00bbapropos\u00a0\u00bb _builder_version=\u00a0\u00bb4.24.2&Prime; _module_preset=\u00a0\u00bbf26f0c28-dbb7-49ef-b24c-5c488ef73027&Prime; header_text_color=\u00a0\u00bb#c1282c\u00a0\u00bb header_font_size=\u00a0\u00bb2vw\u00a0\u00bb text_orientation=\u00a0\u00bbcenter\u00a0\u00bb width=\u00a0\u00bb100%\u00a0\u00bb custom_margin=\u00a0\u00bb||10px||false|false\u00a0\u00bb header_font_size_tablet=\u00a0\u00bb2vw\u00a0\u00bb header_font_size_phone=\u00a0\u00bb8vw\u00a0\u00bb header_font_size_last_edited=\u00a0\u00bbon|phone\u00a0\u00bb global_colors_info=\u00a0\u00bb{}\u00a0\u00bb]<\/p>\n<h1>Politique de confidentialit\u00e9<\/h1>\n<p>[\/et_pb_text][et_pb_text _builder_version=\u00a0\u00bb4.24.2&Prime; _module_preset=\u00a0\u00bbdefault\u00a0\u00bb text_text_color=\u00a0\u00bb#000000&Prime; text_font_size=\u00a0\u00bb20px\u00a0\u00bb hover_enabled=\u00a0\u00bb0&Prime; text_font_size_tablet=\u00a0\u00bb20px\u00a0\u00bb text_font_size_phone=\u00a0\u00bb15px\u00a0\u00bb text_font_size_last_edited=\u00a0\u00bbon|phone\u00a0\u00bb text_orientation_tablet=\u00a0\u00bb\u00a0\u00bb text_orientation_phone=\u00a0\u00bbjustified\u00a0\u00bb text_orientation_last_edited=\u00a0\u00bbon|phone\u00a0\u00bb global_colors_info=\u00a0\u00bb{}\u00a0\u00bb text_font=\u00a0\u00bbLato||||||||\u00a0\u00bb sticky_enabled=\u00a0\u00bb0&Prime;]<\/p>\n<h2 data-fontsize=\"28\" data-lineheight=\"38.08px\" class=\"fusion-responsive-typography-calculated\">Propri\u00e9t\u00e9 intellectuelle<\/h2>\n<p>En application de la loi, toute reproduction partielle ou totale est strictement interdite sans autorisation.<\/p>\n<p>Les logos, visuels et marques pr\u00e9sents sur ce site sont la propri\u00e9t\u00e9 de leurs d\u00e9tenteurs respectifs.<br \/>Article L 3335-2 et suivant du code de la propri\u00e9t\u00e9 intellectuelle.<br \/>Pour toute information compl\u00e9mentaire contactez nous par e-mail: bzou.auxerre@gmail.com<\/p>\n<h2 data-fontsize=\"28\" data-lineheight=\"38.08px\" class=\"fusion-responsive-typography-calculated\">L\u2019utilisateur<\/h2>\n<p>Toute personne ayant acc\u00e8s au site, quels que soient le lieu o\u00f9 elle se trouve, les modalit\u00e9s de connexion au site, l\u2019objet et la finalit\u00e9 de son acc\u00e8s \u00e0 l\u2019information publi\u00e9e sur le site, sa qualit\u00e9 est un utilisateur du site.<br \/>L\u2019utilisateur est inform\u00e9 des risques inh\u00e9rents \u00e0 Internet, en aucun cas l\u2019\u00e9diteur ne saurait \u00eatre tenu responsable de ces risques et de leurs cons\u00e9quences pr\u00e9judiciables quelle qu\u2019en soit l\u2019\u00e9tendue pour l\u2019utilisateur. Il appartient \u00e0 chaque utilisateur de prendre toutes les mesures appropri\u00e9es de fa\u00e7on \u00e0 prot\u00e9ger ses propres donn\u00e9es.<\/p>\n<h2 data-fontsize=\"28\" data-lineheight=\"38.08px\" class=\"fusion-responsive-typography-calculated\">Utilisation<\/h2>\n<p>Le site et les informations qui y sont publi\u00e9es sont r\u00e9serv\u00e9s \u00e0 la consultation.<br \/>Ce site peut \u00e0 son insu avoir \u00e9t\u00e9 reli\u00e9 \u00e0 d\u2019autres sites par le biais de liens hypertextes. Jeanson marketing d\u00e9cline toute responsabilit\u00e9 pour les informations pr\u00e9sent\u00e9es sur ces autres sites.<br \/>La cr\u00e9ation de liens point\u00e9s exclusivement vers la page d\u2019accueil du site est tol\u00e9r\u00e9e dans la mesure o\u00f9 ils ne peuvent s\u2019ouvrir que sur une nouvelle fen\u00eatre du navigateur. En tout \u00e9tat de cause, l\u2019\u00e9diteur se r\u00e9serve le droit de mettre fin \u00e0 cette tol\u00e9rance \u00e0 tout moment s\u2019il lui para\u00eet que le lien \u00e9tabli avec le site est de nature \u00e0 porter atteinte \u00e0 l\u2019int\u00e9r\u00eat de ce dernier.<br \/>Toute autre utilisation est INTERDITE.<br \/>Tout utilisateur qui agit en fraude des pr\u00e9sentes Conditions G\u00e9n\u00e9rales d\u2019utilisation s\u2019expose \u00e0 des poursuites civiles et p\u00e9nales. Des proc\u00e9dures p\u00e9nales pourront \u00eatre engag\u00e9es par l\u2019\u00e9diteur contre l\u2019utilisateur.<\/p>\n<h2 data-fontsize=\"28\" data-lineheight=\"38.08px\" class=\"fusion-responsive-typography-calculated\">Donn\u00e9es personnelles<\/h2>\n<p>En application des dispositions de la loi n\u00b0 78-17 du 6 janvier 1978 , toute personne physique dispose des droits d\u2019acc\u00e8s, de modification, de rectification et suppression des donn\u00e9es la concernant. L\u2019exercice de ces droits s\u2019effectue \u00e0 tout moment par la voie postale ou \u00e9lectronique \u00e0 l\u2019adresse suivante : bzou.auxerre@gmail.com PRECISER ADRESSE MAIL ET LE SITE CONCERNE.<\/p>\n<p>Toute utilisation du site est enregistr\u00e9e. L\u2019utilisateur est inform\u00e9 et prend acte de la facult\u00e9 laiss\u00e9e \u00e0 l\u2019\u00e9diteur de mettre en place des collecteurs automatis\u00e9s de donn\u00e9es (cookies) afin d\u2019identifier l\u2019utilisateur et ses visites sur le site et de fournir \u00e0 chaque utilisateur des fonctionnalit\u00e9s adapt\u00e9es au mieux \u00e0 ses besoins. Dans certains cas, l\u2019utilisateur peut \u00eatre amen\u00e9 \u00e0 fournir des donn\u00e9es \u00e0 caract\u00e8re personnel \u00e0 des fins statistiques ou de prospection directe pour des produits ou services de l\u2019\u00e9diteur. L\u2019utilisateur peut avoir acc\u00e8s \u00e0 ces donn\u00e9es personnelles et peut s\u2019opposer gratuitement \u00e0 ces utilisations en \u00e9crivant \u00e0 l\u2019adresse indiqu\u00e9e ci-dessus.<br \/>Toute cession \u00e0 des tiers de ces donn\u00e9es sera soumise au pr\u00e9alable \u00e0 l\u2019accord de l\u2019utilisateur. L\u2019\u00e9diteur du site s\u2019engage \u00e0 prendre des pr\u00e9cautions techniques reconnues afin de pr\u00e9server la s\u00e9curit\u00e9 des donn\u00e9es personnelles de l\u2019utilisateur afin notamment qu\u2019elle ne soit pas endommag\u00e9es, d\u00e9form\u00e9es ou communiqu\u00e9es \u00e0 des tiers non autoris\u00e9s.<\/p>\n<h2 data-fontsize=\"28\" data-lineheight=\"38.08px\" class=\"fusion-responsive-typography-calculated\">Finalit\u00e9s et modalit\u00e9s du traitement des donn\u00e9es \u00e0 caract\u00e8re personnel<\/h2>\n<p>Les donn\u00e9es \u00e0 caract\u00e8re personnel que vous avez fournies (\u00ab Donn\u00e9es \u00bb) feront l\u2019objet d\u2019un traitement pour les finalit\u00e9s suivantes :<\/p>\n<ul>\n<li>fournir le service demand\u00e9 selon l\u2019accord conclu entre Jeansonmarketing et vous-m\u00eame;<\/li>\n<li>autoriser la Soci\u00e9t\u00e9 \u00e0 r\u00e9aliser des enqu\u00eates de satisfaction clients concernant la qualit\u00e9 des biens et services de la Soci\u00e9t\u00e9 en fonction de ses int\u00e9r\u00eats l\u00e9gitimes;<\/li>\n<li>avec votre consentement expr\u00e8s, envoyer des communications commerciales et des publicit\u00e9s concernant les produits et les services de la Soci\u00e9t\u00e9 ;<\/li>\n<li>avec votre consentement, r\u00e9aliser une analyse de vos comportements, habitudes et tendances de consommation afin d\u2019am\u00e9liorer les produits et services fournis par la Soci\u00e9t\u00e9 ainsi que pour satisfaire vos attentes ;<\/li>\n<\/ul>\n<p>Les Donn\u00e9es seront trait\u00e9es sous format papier, automatis\u00e9 ou \u00e9lectronique, et notamment par courrier postal ou \u00e9lectronique, par t\u00e9l\u00e9phone, par t\u00e9l\u00e9copie et par tout autre moyen (par exemple : sites web, applications mobiles).<\/p>\n<h2 data-fontsize=\"28\" data-lineheight=\"38.08px\" class=\"fusion-responsive-typography-calculated\">Destinataires des donn\u00e9es<\/h2>\n<p>Les Donn\u00e9es peuvent \u00eatre trait\u00e9es par des personnes physiques et\/ou morales, agissant au nom de la Soci\u00e9t\u00e9 et dans le cadre d\u2019obligations contractuelles sp\u00e9cifiques, bas\u00e9es dans des \u00c9tats Membres de l\u2019UE ou dans des pays hors de l\u2019UE.<br \/>Les Donn\u00e9es peuvent \u00eatre communiqu\u00e9es \u00e0 des tiers pour se conformer \u00e0 des obligations l\u00e9gales, pour ex\u00e9cuter des ordres \u00e9manant d\u2019Autorit\u00e9s Publiques ou pour faire valoir un droit de la Soci\u00e9t\u00e9 devant les autorit\u00e9s judiciaires.<\/p>\n<h2 data-fontsize=\"28\" data-lineheight=\"38.08px\" class=\"fusion-responsive-typography-calculated\">Conservation des donn\u00e9es<\/h2>\n<p>Les Donn\u00e9es trait\u00e9es pour fournir le Service et la Satisfaction Client seront conserv\u00e9es par la Soci\u00e9t\u00e9 pendant la p\u00e9riode consid\u00e9r\u00e9e comme strictement n\u00e9cessaire au regard de telles finalit\u00e9s. Concernant les Donn\u00e9es trait\u00e9es pour la fourniture du Service, la Soci\u00e9t\u00e9 peut continuer \u00e0 stocker ces Donn\u00e9es pour une p\u00e9riode plus longue, ce qui peut \u00eatre n\u00e9cessaire pour prot\u00e9ger les int\u00e9r\u00eats de la Soci\u00e9t\u00e9 dans le cadre d\u2019une \u00e9ventuelle responsabilit\u00e9 li\u00e9e \u00e0 la fourniture du Service.<br \/>Les Donn\u00e9es trait\u00e9es \u00e0 des fins de Marketing et de Profilage seront conserv\u00e9es par la Soci\u00e9t\u00e9 \u00e0 partir du moment o\u00f9 vous donnez votre consentement jusqu\u2019au moment o\u00f9 vous le retirez. Une fois le consentement retir\u00e9, les Donn\u00e9es ne seront plus utilis\u00e9es \u00e0 ces fins, bien qu\u2019elles puissent \u00eatre conserv\u00e9es par la Soci\u00e9t\u00e9, notamment afin de prot\u00e9ger les int\u00e9r\u00eats de la Soci\u00e9t\u00e9 dans le cadre d\u2019une \u00e9ventuelle responsabilit\u00e9 relative \u00e0 ce traitement, \u00e0 moins que des pr\u00e9cisions suppl\u00e9mentaires ne soient fournies par l\u2019Autorit\u00e9 de Contr\u00f4le \u00e0 cet \u00e9gard.<\/p>\n<h2 data-fontsize=\"28\" data-lineheight=\"38.08px\" class=\"fusion-responsive-typography-calculated\">Vos droits<\/h2>\n<p>Vous pouvez exercer les droits suivants:<\/p>\n<ul>\n<li>droit d\u2019acc\u00e8s signifie le droit d\u2019obtenir de la Soci\u00e9t\u00e9 la confirmation que vos Donn\u00e9es sont ou ne sont pas trait\u00e9es et, lorsqu\u2019elles le sont, l\u2019acc\u00e8s auxdites Donn\u00e9es;<\/li>\n<li>droit de rectification et droit \u00e0 l\u2019effacement signifie le droit d\u2019obtenir la rectification de Donn\u00e9es inexactes et \/ ou incompl\u00e8tes, ainsi que l\u2019effacement de Donn\u00e9es lorsque la demande est l\u00e9gitime;<\/li>\n<li>droit \u00e0 la limitation du traitement signifie le droit de demander la suspension du traitement lorsque la demande est l\u00e9gitime;<\/li>\n<li>droit \u00e0 la portabilit\u00e9 des donn\u00e9es signifie le droit d\u2019obtenir des Donn\u00e9es dans un format structur\u00e9, couramment utilis\u00e9 et lisible, ainsi que le droit de transf\u00e9rer des Donn\u00e9es \u00e0 d\u2019autres responsables de traitement;<\/li>\n<li>droit d\u2019opposition signifie le droit de s\u2019opposer au traitement des Donn\u00e9es lorsque la demande est l\u00e9gitime, y compris lorsque les Donn\u00e9es sont trait\u00e9es pour le marketing ou le profilage, le cas \u00e9ch\u00e9ant;<\/li>\n<li>droit d\u2019introduire une r\u00e9clamation aupr\u00e8s d\u2019une autorit\u00e9 de contr\u00f4le en cas de traitement ill\u00e9gal des Donn\u00e9es.<\/li>\n<\/ul>\n<p>Pour toute information concernant vos droits et\/ou donn\u00e9es personnelles, vous pouvez contacter notre DPO sur l\u2019adresse mail d\u00e9di\u00e9e : rgpd@visicod.com<\/p>\n<h2 data-fontsize=\"28\" data-lineheight=\"38.08px\" class=\"fusion-responsive-typography-calculated\">Informations suppl\u00e9mentaires sur les cookies<\/h2>\n<p>Pour en savoir plus sur les cookies, nous vous invitons \u00e0 consulter la page de la CNIL :<br \/>http:\/\/www.cnil.fr\/vos-libertes\/vos-traces\/les-cookies\/<\/p>\n<h2 data-fontsize=\"28\" data-lineheight=\"38.08px\" class=\"fusion-responsive-typography-calculated\">Modification des conditions g\u00e9n\u00e9rales d\u2019utilisation<\/h2>\n<p>L\u2019\u00e9diteur peut \u00e0 tout moment modifier les Conditions G\u00e9n\u00e9rales d\u2019utilisation, il est recommand\u00e9 \u00e0 l\u2019utilisateur de les consulter r\u00e9guli\u00e8rement. Ces modifications engagent l\u2019utilisateur d\u00e8s leur mise en ligne.<\/p>\n<h2 data-fontsize=\"28\" data-lineheight=\"38.08px\" class=\"fusion-responsive-typography-calculated\">R\u00e9clamations<\/h2>\n<p>Toutes r\u00e9clamations de l\u2019utilisateur pour \u00eatre prises en compte devront \u00eatre adress\u00e9es \u00e0 l\u2019\u00e9diteur par voie postale uniquement sous forme de lettre recommand\u00e9e avec accus\u00e9 de r\u00e9ception \u00e0 l\u2019adresse ci-dessus.<\/p>\n<h2 data-fontsize=\"28\" data-lineheight=\"38.08px\" class=\"fusion-responsive-typography-calculated\">Droit applicable<\/h2>\n<p>Les pr\u00e9sentes Conditions G\u00e9n\u00e9rales d\u2019utilisation sont soumises \u00e0 la loi Fran\u00e7aise.<\/p>\n<p>[\/et_pb_text][\/et_pb_column][\/et_pb_row][\/et_pb_section]<\/p>\n","protected":false},"excerpt":{"rendered":"<p>Abderrazzak El Badaoui | Conf\u00e9rencier et Ultra MarathonienPolitique de confidentialit\u00e9Propri\u00e9t\u00e9 intellectuelle En application de la loi, toute reproduction partielle ou totale est strictement interdite sans autorisation. Les logos, visuels et marques pr\u00e9sents sur ce site sont la propri\u00e9t\u00e9 de leurs d\u00e9tenteurs respectifs.Article L 3335-2 et suivant du code de la propri\u00e9t\u00e9 intellectuelle.Pour toute information compl\u00e9mentaire contactez nous par e-mail: bzou.auxerre@gmail.com L\u2019utilisateur Toute personne ayant acc\u00e8s au site, quels que soient le lieu o\u00f9 elle se trouve, les modalit\u00e9s de connexion au site, l\u2019objet et la finalit\u00e9 de son acc\u00e8s \u00e0 l\u2019information publi\u00e9e sur le site, sa qualit\u00e9 est un utilisateur du site.L\u2019utilisateur est inform\u00e9 des risques inh\u00e9rents \u00e0 Internet, en aucun cas l\u2019\u00e9diteur ne saurait \u00eatre tenu responsable de ces risques et de leurs cons\u00e9quences pr\u00e9judiciables quelle qu\u2019en soit l\u2019\u00e9tendue pour l\u2019utilisateur. Il appartient \u00e0 chaque utilisateur de prendre toutes les mesures appropri\u00e9es de fa\u00e7on \u00e0 prot\u00e9ger ses propres donn\u00e9es. Utilisation Le site et les informations qui y sont publi\u00e9es sont r\u00e9serv\u00e9s \u00e0 la consultation.Ce site peut \u00e0 son insu avoir \u00e9t\u00e9 reli\u00e9 \u00e0 d\u2019autres sites par le biais de liens hypertextes. Jeanson marketing d\u00e9cline toute responsabilit\u00e9 pour les informations pr\u00e9sent\u00e9es sur ces autres sites.La cr\u00e9ation de liens point\u00e9s exclusivement [&hellip;]<\/p>\n","protected":false},"author":1,"featured_media":0,"parent":0,"menu_order":0,"comment_status":"closed","ping_status":"closed","template":"","meta":{"_et_pb_use_builder":"on","_et_pb_old_content":"","_et_gb_content_width":"","footnotes":""},"class_list":["post-371","page","type-page","status-publish","hentry"],"_links":{"self":[{"href":"https:\/\/abderelbadaoui.com\/index.php\/wp-json\/wp\/v2\/pages\/371","targetHints":{"allow":["GET"]}}],"collection":[{"href":"https:\/\/abderelbadaoui.com\/index.php\/wp-json\/wp\/v2\/pages"}],"about":[{"href":"https:\/\/abderelbadaoui.com\/index.php\/wp-json\/wp\/v2\/types\/page"}],"author":[{"embeddable":true,"href":"https:\/\/abderelbadaoui.com\/index.php\/wp-json\/wp\/v2\/users\/1"}],"replies":[{"embeddable":true,"href":"https:\/\/abderelbadaoui.com\/index.php\/wp-json\/wp\/v2\/comments?post=371"}],"version-history":[{"count":5,"href":"https:\/\/abderelbadaoui.com\/index.php\/wp-json\/wp\/v2\/pages\/371\/revisions"}],"predecessor-version":[{"id":598,"href":"https:\/\/abderelbadaoui.com\/index.php\/wp-json\/wp\/v2\/pages\/371\/revisions\/598"}],"wp:attachment":[{"href":"https:\/\/abderelbadaoui.com\/index.php\/wp-json\/wp\/v2\/media?parent=371"}],"curies":[{"name":"wp","href":"https:\/\/api.w.org\/{rel}","templated":true}]}}